{"id":1295,"date":"2024-02-07T13:12:45","date_gmt":"2024-02-07T12:12:45","guid":{"rendered":"http:\/\/epdaduglandier.fr\/?page_id=1295"},"modified":"2024-04-30T11:28:46","modified_gmt":"2024-04-30T10:28:46","slug":"marches-publics","status":"publish","type":"page","link":"https:\/\/epdaduglandier.fr\/?page_id=1295","title":{"rendered":"MARCH\u00c9S PUBLICS"},"content":{"rendered":"<p>[et_pb_section fb_built=\u00a0\u00bb1&Prime; fullwidth=\u00a0\u00bbon\u00a0\u00bb admin_label=\u00a0\u00bbSection banni\u00e8re image\u00a0\u00bb module_id=\u00a0\u00bbid_modele_header\u00a0\u00bb module_class=\u00a0\u00bbclasse_modele_header\u00a0\u00bb _builder_version=\u00a0\u00bb4.16&Prime; _module_preset=\u00a0\u00bbdefault\u00a0\u00bb background_color=\u00a0\u00bbrgba(242,159,39,0)\u00a0\u00bb background_image=\u00a0\u00bbhttps:\/\/epdaduglandier.fr\/wp-content\/uploads\/2021\/02\/SAT-LUBERSAC-scaled.jpg\u00a0\u00bb background_blend=\u00a0\u00bbsoft-light\u00a0\u00bb min_height=\u00a0\u00bb300px\u00a0\u00bb custom_margin=\u00a0\u00bb-27px||||false|false\u00a0\u00bb global_colors_info=\u00a0\u00bb{}\u00a0\u00bb][et_pb_fullwidth_header title=\u00a0\u00bb@ET-DC@eyJkeW5hbWljIjp0cnVlLCJjb250ZW50IjoicG9zdF90aXRsZSIsInNldHRpbmdzIjp7ImJlZm9yZSI6IiIsImFmdGVyIjoiIn19@\u00a0\u00bb background_overlay_color=\u00a0\u00bbRGBA(0,0,0,0)\u00a0\u00bb admin_label=\u00a0\u00bbTitre\u00a0\u00bb _builder_version=\u00a0\u00bb4.16&Prime; _dynamic_attributes=\u00a0\u00bbtitle\u00a0\u00bb _module_preset=\u00a0\u00bbdefault\u00a0\u00bb title_font=\u00a0\u00bb|700|||||||\u00a0\u00bb title_text_align=\u00a0\u00bbleft\u00a0\u00bb title_text_color=\u00a0\u00bb#FFFFFF\u00a0\u00bb title_line_height=\u00a0\u00bb5.5em\u00a0\u00bb background_color=\u00a0\u00bbRGBA(0,0,0,0)\u00a0\u00bb background_enable_image=\u00a0\u00bboff\u00a0\u00bb title_text_shadow_style=\u00a0\u00bbpreset3&Prime; title_text_shadow_color=\u00a0\u00bbRGBA(0,0,0,0)\u00a0\u00bb global_colors_info=\u00a0\u00bb{}\u00a0\u00bb][\/et_pb_fullwidth_header][\/et_pb_section][et_pb_section fb_built=\u00a0\u00bb1&Prime; admin_label=\u00a0\u00bbSection Fil d&rsquo;ariane\u00a0\u00bb _builder_version=\u00a0\u00bb4.16&Prime; _module_preset=\u00a0\u00bbdefault\u00a0\u00bb global_colors_info=\u00a0\u00bb{}\u00a0\u00bb][et_pb_row _builder_version=\u00a0\u00bb4.16&Prime; _module_preset=\u00a0\u00bbdefault\u00a0\u00bb global_colors_info=\u00a0\u00bb{}\u00a0\u00bb][et_pb_column type=\u00a0\u00bb4_4&Prime; _builder_version=\u00a0\u00bb4.16&Prime; _module_preset=\u00a0\u00bbdefault\u00a0\u00bb global_colors_info=\u00a0\u00bb{}\u00a0\u00bb][et_pb_code admin_label=\u00a0\u00bbFil d&rsquo;ariane\u00a0\u00bb _builder_version=\u00a0\u00bb4.16&Prime; _module_preset=\u00a0\u00bbdefault\u00a0\u00bb custom_margin=\u00a0\u00bb|||-15px|false|false\u00a0\u00bb global_colors_info=\u00a0\u00bb{}\u00a0\u00bb]\t\t\t<!-- Flexy Breadcrumb -->\r\n\t\t\t<div class=\"fbc fbc-page\">\r\n\r\n\t\t\t\t<!-- Breadcrumb wrapper -->\r\n\t\t\t\t<div class=\"fbc-wrap\">\r\n\r\n\t\t\t\t\t<!-- Ordered list-->\r\n\t\t\t\t\t<ol class=\"fbc-items\" itemscope itemtype=\"https:\/\/schema.org\/BreadcrumbList\">\r\n\t\t\t\t\t\t            <li itemprop=\"itemListElement\" itemscope itemtype=\"https:\/\/schema.org\/ListItem\">\r\n                <span itemprop=\"name\">\r\n                    <!-- Home Link -->\r\n                    <a itemprop=\"item\" href=\"https:\/\/epdaduglandier.fr\">\r\n                    \r\n                                                    <i class=\"fa fa-home\" aria-hidden=\"true\"><\/i>Accueil                    <\/a>\r\n                <\/span>\r\n                <meta itemprop=\"position\" content=\"1\" \/><!-- Meta Position-->\r\n             <\/li><li><span class=\"fbc-separator\">><\/span><\/li><li class=\"active\" itemprop=\"itemListElement\" itemscope itemtype=\"https:\/\/schema.org\/ListItem\"><span itemprop=\"name\" title=\"MARCH\u00c9S PUBLICS\">MARCH\u00c9S PUBLICS<\/span><meta itemprop=\"position\" content=\"2\" \/><\/li>\t\t\t\t\t<\/ol>\r\n\t\t\t\t\t<div class=\"clearfix\"><\/div>\r\n\t\t\t\t<\/div>\r\n\t\t\t<\/div>\r\n\t\t\t[\/et_pb_code][\/et_pb_column][\/et_pb_row][\/et_pb_section][et_pb_section fb_built=\u00a0\u00bb1&Prime; admin_label=\u00a0\u00bbSection Paragraphe\u00a0\u00bb _builder_version=\u00a0\u00bb4.16&Prime; _module_preset=\u00a0\u00bbdefault\u00a0\u00bb min_height=\u00a0\u00bb95px\u00a0\u00bb custom_padding=\u00a0\u00bb2px||1px|||\u00a0\u00bb global_colors_info=\u00a0\u00bb{}\u00a0\u00bb][et_pb_row _builder_version=\u00a0\u00bb4.16&Prime; _module_preset=\u00a0\u00bbdefault\u00a0\u00bb width=\u00a0\u00bb100%\u00a0\u00bb min_height=\u00a0\u00bb6px\u00a0\u00bb custom_margin=\u00a0\u00bb|auto||auto|false|false\u00a0\u00bb custom_padding=\u00a0\u00bb|0px||0px|false|false\u00a0\u00bb global_colors_info=\u00a0\u00bb{}\u00a0\u00bb][et_pb_column type=\u00a0\u00bb4_4&Prime; _builder_version=\u00a0\u00bb4.16&Prime; _module_preset=\u00a0\u00bbdefault\u00a0\u00bb custom_padding=\u00a0\u00bb|0px||0px|false|false\u00a0\u00bb global_colors_info=\u00a0\u00bb{}\u00a0\u00bb][et_pb_text admin_label=\u00a0\u00bbTitre\u00a0\u00bb _builder_version=\u00a0\u00bb4.16&Prime; _module_preset=\u00a0\u00bbdefault\u00a0\u00bb header_font=\u00a0\u00bb|600||on|||||\u00a0\u00bb header_text_color=\u00a0\u00bb#206ab6&Prime; module_alignment=\u00a0\u00bbleft\u00a0\u00bb custom_margin=\u00a0\u00bb|0px|-17px||false|false\u00a0\u00bb custom_padding=\u00a0\u00bb|0px|||false|false\u00a0\u00bb global_colors_info=\u00a0\u00bb{}\u00a0\u00bb]<\/p>\n<h1>March\u00e9s publics<\/h1>\n<p>[\/et_pb_text][et_pb_divider color=\u00a0\u00bb#206ab6&Prime; divider_position=\u00a0\u00bbbottom\u00a0\u00bb divider_weight=\u00a0\u00bb5px\u00a0\u00bb _builder_version=\u00a0\u00bb4.16&Prime; _module_preset=\u00a0\u00bbdefault\u00a0\u00bb custom_margin=\u00a0\u00bb|||0px|false|false\u00a0\u00bb custom_padding=\u00a0\u00bb|||0px|false|false\u00a0\u00bb global_colors_info=\u00a0\u00bb{}\u00a0\u00bb][\/et_pb_divider][\/et_pb_column][\/et_pb_row][et_pb_row _builder_version=\u00a0\u00bb4.16&Prime; _module_preset=\u00a0\u00bbdefault\u00a0\u00bb min_height=\u00a0\u00bb592.4px\u00a0\u00bb custom_padding=\u00a0\u00bb||0px|||\u00a0\u00bb global_colors_info=\u00a0\u00bb{}\u00a0\u00bb][et_pb_column type=\u00a0\u00bb4_4&Prime; _builder_version=\u00a0\u00bb4.16&Prime; _module_preset=\u00a0\u00bbdefault\u00a0\u00bb global_colors_info=\u00a0\u00bb{}\u00a0\u00bb][et_pb_text _builder_version=\u00a0\u00bb4.24.0&Prime; _module_preset=\u00a0\u00bbdefault\u00a0\u00bb min_height=\u00a0\u00bb612.4px\u00a0\u00bb global_colors_info=\u00a0\u00bb{}\u00a0\u00bb]<\/p>\n<p><span>Il existe diff\u00e9rents types de proc\u00e9dures de passation d\u2019un march\u00e9 public : proc\u00e9dure sans publicit\u00e9 ni mise en concurrence pr\u00e9alables, march\u00e9 \u00e0 proc\u00e9dure adapt\u00e9e (Mapa), proc\u00e9dures formalis\u00e9es.<\/span><\/p>\n<p><span>\u00a0<\/span><span style=\"color: #0c71c3;\">Les march\u00e9s pass\u00e9s sans publicit\u00e9 ni mise en concurrence pr\u00e9alable<\/span>\u00a0sont des march\u00e9s de \u00ab\u00a0faible montant\u00a0\u00bb ou des march\u00e9s qui concernent des domaines sp\u00e9cifiques.<\/p>\n<p>Les march\u00e9s de \u00ab\u00a0faible montant\u00a0\u00bb sont les march\u00e9s suivants\u00a0:<\/p>\n<p><span>\u00a0&gt; <\/span><strong>March\u00e9s de fournitures ou de services<\/strong>\u00a0r\u00e9pondant \u00e0 un besoin dont le montant est inf\u00e9rieur \u00e0 40 000\u00a0\u20ac\u00a0Hors taxes (sont \u00e9galement concern\u00e9s les\u00a0<span>lots dont le montant est inf\u00e9rieur \u00e0 40 000\u00a0\u20ac\u00a0Hors taxes et dont le montant cumul\u00e9 n\u2019exc\u00e8de pas 20\u00a0% de la valeur totale estim\u00e9e de tous les lots).<\/span><\/p>\n<p><span>\u00a0&gt; <\/span><strong>March\u00e9s de travaux<\/strong>\u00a0r\u00e9pondant \u00e0 un besoin dont la valeur estim\u00e9e est inf\u00e9rieure \u00e0 100 000\u00a0\u20ac\u00a0Hors taxes. Ce seuil s\u2019applique\u00a0<span style=\"color: #e02b20;\"><strong>jusqu\u2019au 31 d\u00e9cembre 2024\u00a0inclus<\/strong><\/span>. Les lots qui portent sur des travaux dont le montant est inf\u00e9rieur 100 000\u00a0\u20ac\u00a0Hors taxes ne doivent pas exc\u00e9der 20\u00a0% de la valeur totale estim\u00e9e de tous les lots.<\/p>\n<p><span><span style=\"color: #0c71c3;\">Le\u00a0Mapa<\/span>\u00a0<\/span>(ou march\u00e9 \u00e0 proc\u00e9dure adapt\u00e9e) permet \u00e0 chaque acheteur public de d\u00e9finir ses propres r\u00e8gles dans le respect des principes g\u00e9n\u00e9raux de la commande publique (\u00e9galit\u00e9 de traitement des candidats, transparence des proc\u00e9dures, \u00e9galit\u00e9 d\u2019acc\u00e8s \u00e0 la commande publique).<\/p>\n<p>Il existe des Mapa en fonction du montant des march\u00e9s publics et des Mapa en fonction du type de march\u00e9s.<\/p>\n<p>\u00a0<span style=\"color: #0c71c3;\">Les proc\u00e9dures formalis\u00e9es<\/span><\/p>\n<p><span><strong>Il y a 3 types de proc\u00e9dures formalis\u00e9es<\/strong>.<\/span><\/p>\n<p>Lorsque la valeur estim\u00e9e du march\u00e9 est \u00e9gale ou sup\u00e9rieure aux seuils europ\u00e9ens, le march\u00e9 est pass\u00e9 selon l\u2019une des proc\u00e9dures formalis\u00e9es suivantes\u00a0:<\/p>\n<p>L\u2019appel d\u2019offres<\/p>\n<p>La proc\u00e9dure avec n\u00e9gociation<\/p>\n<p>Le dialogue comp\u00e9titif<\/p>\n<p>[\/et_pb_text][\/et_pb_column][\/et_pb_row][et_pb_row _builder_version=\u00a0\u00bb4.16&Prime; _module_preset=\u00a0\u00bbdefault\u00a0\u00bb min_height=\u00a0\u00bb19px\u00a0\u00bb custom_padding=\u00a0\u00bb||6px|||\u00a0\u00bb global_colors_info=\u00a0\u00bb{}\u00a0\u00bb][et_pb_column type=\u00a0\u00bb4_4&Prime; _builder_version=\u00a0\u00bb4.16&Prime; _module_preset=\u00a0\u00bbdefault\u00a0\u00bb global_colors_info=\u00a0\u00bb{}\u00a0\u00bb][et_pb_text _builder_version=\u00a0\u00bb4.25.0&Prime; _module_preset=\u00a0\u00bbdefault\u00a0\u00bb global_colors_info=\u00a0\u00bb{}\u00a0\u00bb]<\/p>\n<h2><span style=\"color: #0000ff;\"><strong>MARCH\u00c9S PUBLICS<\/strong><\/span><\/h2>\n<p>[\/et_pb_text][\/et_pb_column][\/et_pb_row][et_pb_row _builder_version=\u00a0\u00bb4.16&Prime; _module_preset=\u00a0\u00bbdefault\u00a0\u00bb min_height=\u00a0\u00bb138px\u00a0\u00bb global_colors_info=\u00a0\u00bb{}\u00a0\u00bb][et_pb_column type=\u00a0\u00bb4_4&Prime; _builder_version=\u00a0\u00bb4.16&Prime; _module_preset=\u00a0\u00bbdefault\u00a0\u00bb global_colors_info=\u00a0\u00bb{}\u00a0\u00bb][et_pb_text _builder_version=\u00a0\u00bb4.25.0&Prime; _module_preset=\u00a0\u00bbdefault\u00a0\u00bb min_height=\u00a0\u00bb140px\u00a0\u00bb hover_enabled=\u00a0\u00bb0&Prime; global_colors_info=\u00a0\u00bb{}\u00a0\u00bb sticky_enabled=\u00a0\u00bb0&Prime;]<\/p>\n<h4><strong><\/strong><\/h4>\n<h4><strong><\/strong><strong>MISE EN CONCURRENCE<\/strong><\/h4>\n<p><strong><\/strong><\/p>\n<h4><strong>CAHIER DES CHARGES EVALUATION <\/strong><strong>DE LA QUALITE DES ESMS<\/strong><strong><\/strong><\/h4>\n<p><strong><\/strong><\/p>\n<p><strong><\/strong><\/p>\n<h4><strong>\u00e0 t\u00e9l\u00e9charger : <a href=\"https:\/\/epdaduglandier.fr\/wp-content\/uploads\/2024\/04\/E-DI-AU-8001-1-Cahier-des-Charges-Evaluation-HAS-EPDA-Glandier-2024.docx\" rel=\"attachment wp-att-3116\">E-DI-AU-8001-1 &#8211; Cahier des Charges Evaluation HAS EPDA Glandier 2024<\/a><\/strong><\/h4>\n<p>[\/et_pb_text][\/et_pb_column][\/et_pb_row][\/et_pb_section]<\/p>\n","protected":false},"excerpt":{"rendered":"<p>\t\t\t<!-- Flexy Breadcrumb -->\r\n\t\t\t<div class=\"fbc fbc-page\">\r\n\r\n\t\t\t\t<!-- Breadcrumb wrapper -->\r\n\t\t\t\t<div class=\"fbc-wrap\">\r\n\r\n\t\t\t\t\t<!-- Ordered list-->\r\n\t\t\t\t\t<ol class=\"fbc-items\" itemscope itemtype=\"https:\/\/schema.org\/BreadcrumbList\">\r\n\t\t\t\t\t\t            <li itemprop=\"itemListElement\" itemscope itemtype=\"https:\/\/schema.org\/ListItem\">\r\n                <span itemprop=\"name\">\r\n                    <!-- Home Link -->\r\n                    <a itemprop=\"item\" href=\"https:\/\/epdaduglandier.fr\">\r\n                    \r\n                                                    <i class=\"fa fa-home\" aria-hidden=\"true\"><\/i>Accueil                    <\/a>\r\n                <\/span>\r\n                <meta itemprop=\"position\" content=\"1\" \/><!-- Meta Position-->\r\n             <\/li><li><span class=\"fbc-separator\">><\/span><\/li><li class=\"active\" itemprop=\"itemListElement\" itemscope itemtype=\"https:\/\/schema.org\/ListItem\"><span itemprop=\"name\" title=\"MARCH\u00c9S PUBLICS\">MARCH\u00c9S PUBLICS<\/span><meta itemprop=\"position\" content=\"2\" \/><\/li>\t\t\t\t\t<\/ol>\r\n\t\t\t\t\t<div class=\"clearfix\"><\/div>\r\n\t\t\t\t<\/div>\r\n\t\t\t<\/div>\r\n\t\t\tMarch\u00e9s publicsIl existe diff\u00e9rents types de proc\u00e9dures de passation d\u2019un march\u00e9 public : proc\u00e9dure sans publicit\u00e9 ni mise en concurrence pr\u00e9alables, march\u00e9 \u00e0 proc\u00e9dure adapt\u00e9e (Mapa), proc\u00e9dures formalis\u00e9es. \u00a0Les march\u00e9s pass\u00e9s sans publicit\u00e9 ni mise en concurrence pr\u00e9alable\u00a0sont des march\u00e9s de \u00ab\u00a0faible montant\u00a0\u00bb ou des march\u00e9s qui concernent des domaines sp\u00e9cifiques. Les march\u00e9s de \u00ab\u00a0faible [&hellip;]<\/p>\n","protected":false},"author":3,"featured_media":0,"parent":0,"menu_order":0,"comment_status":"closed","ping_status":"closed","template":"","meta":{"_et_pb_use_builder":"on","_et_pb_old_content":"","_et_gb_content_width":"1080","footnotes":""},"class_list":["post-1295","page","type-page","status-publish","hentry"],"yoast_head":"<!-- This site is optimized with the Yoast SEO plugin v27.4 - https:\/\/yoast.com\/product\/yoast-seo-wordpress\/ -->\n<title>MARCH\u00c9S PUBLICS - EPDA du Glandier<\/title>\n<meta name=\"description\" content=\"Il existe diff\u00e9rents types de proc\u00e9dures de passation d&#039;un march\u00e9 public : proc\u00e9dure sans publicit\u00e9 ni mise en concurrence pr\u00e9alables, march\u00e9 \u00e0 proc\u00e9dure adapt\u00e9e (Mapa), proc\u00e9dures formalis\u00e9es\" \/>\n<meta name=\"robots\" content=\"index, follow, max-snippet:-1, max-image-preview:large, max-video-preview:-1\" \/>\n<link rel=\"canonical\" href=\"https:\/\/epdaduglandier.fr\/?page_id=1295\" \/>\n<meta property=\"og:locale\" content=\"fr_FR\" \/>\n<meta property=\"og:type\" content=\"article\" \/>\n<meta property=\"og:title\" content=\"MARCH\u00c9S PUBLICS - EPDA du Glandier\" \/>\n<meta property=\"og:description\" content=\"Il existe diff\u00e9rents types de proc\u00e9dures de passation d&#039;un march\u00e9 public : proc\u00e9dure sans publicit\u00e9 ni mise en concurrence pr\u00e9alables, march\u00e9 \u00e0 proc\u00e9dure adapt\u00e9e (Mapa), proc\u00e9dures formalis\u00e9es\" \/>\n<meta property=\"og:url\" content=\"https:\/\/epdaduglandier.fr\/?page_id=1295\" \/>\n<meta property=\"og:site_name\" content=\"EPDA du Glandier\" \/>\n<meta property=\"article:modified_time\" content=\"2024-04-30T10:28:46+00:00\" \/>\n<meta name=\"twitter:card\" content=\"summary_large_image\" \/>\n<meta name=\"twitter:label1\" content=\"Dur\u00e9e de lecture estim\u00e9e\" \/>\n\t<meta name=\"twitter:data1\" content=\"1 minute\" \/>\n<script type=\"application\/ld+json\" class=\"yoast-schema-graph\">{\"@context\":\"https:\\\/\\\/schema.org\",\"@graph\":[{\"@type\":\"WebPage\",\"@id\":\"https:\\\/\\\/epdaduglandier.fr\\\/?page_id=1295\",\"url\":\"https:\\\/\\\/epdaduglandier.fr\\\/?page_id=1295\",\"name\":\"MARCH\u00c9S PUBLICS - EPDA du Glandier\",\"isPartOf\":{\"@id\":\"https:\\\/\\\/epdaduglandier.fr\\\/#website\"},\"datePublished\":\"2024-02-07T12:12:45+00:00\",\"dateModified\":\"2024-04-30T10:28:46+00:00\",\"description\":\"Il existe diff\u00e9rents types de proc\u00e9dures de passation d'un march\u00e9 public : proc\u00e9dure sans publicit\u00e9 ni mise en concurrence pr\u00e9alables, march\u00e9 \u00e0 proc\u00e9dure adapt\u00e9e (Mapa), proc\u00e9dures formalis\u00e9es\",\"breadcrumb\":{\"@id\":\"https:\\\/\\\/epdaduglandier.fr\\\/?page_id=1295#breadcrumb\"},\"inLanguage\":\"fr-FR\",\"potentialAction\":[{\"@type\":\"ReadAction\",\"target\":[\"https:\\\/\\\/epdaduglandier.fr\\\/?page_id=1295\"]}]},{\"@type\":\"BreadcrumbList\",\"@id\":\"https:\\\/\\\/epdaduglandier.fr\\\/?page_id=1295#breadcrumb\",\"itemListElement\":[{\"@type\":\"ListItem\",\"position\":1,\"name\":\"Accueil\",\"item\":\"https:\\\/\\\/epdaduglandier.fr\\\/\"},{\"@type\":\"ListItem\",\"position\":2,\"name\":\"MARCH\u00c9S PUBLICS\"}]},{\"@type\":\"WebSite\",\"@id\":\"https:\\\/\\\/epdaduglandier.fr\\\/#website\",\"url\":\"https:\\\/\\\/epdaduglandier.fr\\\/\",\"name\":\"EPDA du Glandier\",\"description\":\"Etablissement Public D\u00e9partemental Autonome du Glandier\",\"potentialAction\":[{\"@type\":\"SearchAction\",\"target\":{\"@type\":\"EntryPoint\",\"urlTemplate\":\"https:\\\/\\\/epdaduglandier.fr\\\/?s={search_term_string}\"},\"query-input\":{\"@type\":\"PropertyValueSpecification\",\"valueRequired\":true,\"valueName\":\"search_term_string\"}}],\"inLanguage\":\"fr-FR\"}]}<\/script>\n<!-- \/ Yoast SEO plugin. -->","yoast_head_json":{"title":"MARCH\u00c9S PUBLICS - EPDA du Glandier","description":"Il existe diff\u00e9rents types de proc\u00e9dures de passation d'un march\u00e9 public : proc\u00e9dure sans publicit\u00e9 ni mise en concurrence pr\u00e9alables, march\u00e9 \u00e0 proc\u00e9dure adapt\u00e9e (Mapa), proc\u00e9dures formalis\u00e9es","robots":{"index":"index","follow":"follow","max-snippet":"max-snippet:-1","max-image-preview":"max-image-preview:large","max-video-preview":"max-video-preview:-1"},"canonical":"https:\/\/epdaduglandier.fr\/?page_id=1295","og_locale":"fr_FR","og_type":"article","og_title":"MARCH\u00c9S PUBLICS - EPDA du Glandier","og_description":"Il existe diff\u00e9rents types de proc\u00e9dures de passation d'un march\u00e9 public : proc\u00e9dure sans publicit\u00e9 ni mise en concurrence pr\u00e9alables, march\u00e9 \u00e0 proc\u00e9dure adapt\u00e9e (Mapa), proc\u00e9dures formalis\u00e9es","og_url":"https:\/\/epdaduglandier.fr\/?page_id=1295","og_site_name":"EPDA du Glandier","article_modified_time":"2024-04-30T10:28:46+00:00","twitter_card":"summary_large_image","twitter_misc":{"Dur\u00e9e de lecture estim\u00e9e":"1 minute"},"schema":{"@context":"https:\/\/schema.org","@graph":[{"@type":"WebPage","@id":"https:\/\/epdaduglandier.fr\/?page_id=1295","url":"https:\/\/epdaduglandier.fr\/?page_id=1295","name":"MARCH\u00c9S PUBLICS - EPDA du Glandier","isPartOf":{"@id":"https:\/\/epdaduglandier.fr\/#website"},"datePublished":"2024-02-07T12:12:45+00:00","dateModified":"2024-04-30T10:28:46+00:00","description":"Il existe diff\u00e9rents types de proc\u00e9dures de passation d'un march\u00e9 public : proc\u00e9dure sans publicit\u00e9 ni mise en concurrence pr\u00e9alables, march\u00e9 \u00e0 proc\u00e9dure adapt\u00e9e (Mapa), proc\u00e9dures formalis\u00e9es","breadcrumb":{"@id":"https:\/\/epdaduglandier.fr\/?page_id=1295#breadcrumb"},"inLanguage":"fr-FR","potentialAction":[{"@type":"ReadAction","target":["https:\/\/epdaduglandier.fr\/?page_id=1295"]}]},{"@type":"BreadcrumbList","@id":"https:\/\/epdaduglandier.fr\/?page_id=1295#breadcrumb","itemListElement":[{"@type":"ListItem","position":1,"name":"Accueil","item":"https:\/\/epdaduglandier.fr\/"},{"@type":"ListItem","position":2,"name":"MARCH\u00c9S PUBLICS"}]},{"@type":"WebSite","@id":"https:\/\/epdaduglandier.fr\/#website","url":"https:\/\/epdaduglandier.fr\/","name":"EPDA du Glandier","description":"Etablissement Public D\u00e9partemental Autonome du Glandier","potentialAction":[{"@type":"SearchAction","target":{"@type":"EntryPoint","urlTemplate":"https:\/\/epdaduglandier.fr\/?s={search_term_string}"},"query-input":{"@type":"PropertyValueSpecification","valueRequired":true,"valueName":"search_term_string"}}],"inLanguage":"fr-FR"}]}},"publishpress_future_action":{"enabled":false,"date":"2026-04-24 04:50:58","action":"change-status","newStatus":"draft","terms":[],"taxonomy":"","extraData":[]},"publishpress_future_workflow_manual_trigger":{"enabledWorkflows":[]},"_links":{"self":[{"href":"https:\/\/epdaduglandier.fr\/index.php?rest_route=\/wp\/v2\/pages\/1295","targetHints":{"allow":["GET"]}}],"collection":[{"href":"https:\/\/epdaduglandier.fr\/index.php?rest_route=\/wp\/v2\/pages"}],"about":[{"href":"https:\/\/epdaduglandier.fr\/index.php?rest_route=\/wp\/v2\/types\/page"}],"author":[{"embeddable":true,"href":"https:\/\/epdaduglandier.fr\/index.php?rest_route=\/wp\/v2\/users\/3"}],"replies":[{"embeddable":true,"href":"https:\/\/epdaduglandier.fr\/index.php?rest_route=%2Fwp%2Fv2%2Fcomments&post=1295"}],"version-history":[{"count":12,"href":"https:\/\/epdaduglandier.fr\/index.php?rest_route=\/wp\/v2\/pages\/1295\/revisions"}],"predecessor-version":[{"id":3122,"href":"https:\/\/epdaduglandier.fr\/index.php?rest_route=\/wp\/v2\/pages\/1295\/revisions\/3122"}],"wp:attachment":[{"href":"https:\/\/epdaduglandier.fr\/index.php?rest_route=%2Fwp%2Fv2%2Fmedia&parent=1295"}],"curies":[{"name":"wp","href":"https:\/\/api.w.org\/{rel}","templated":true}]}}