{"id":898,"date":"2021-05-27T17:30:30","date_gmt":"2021-05-27T16:30:30","guid":{"rendered":"http:\/\/epdaduglandier.fr\/?page_id=898"},"modified":"2021-08-03T08:39:22","modified_gmt":"2021-08-03T07:39:22","slug":"service-technique","status":"publish","type":"page","link":"https:\/\/epdaduglandier.fr\/?page_id=898","title":{"rendered":"Service Technique"},"content":{"rendered":"<p>[et_pb_section fb_built=\u00a0\u00bb1&Prime; fullwidth=\u00a0\u00bbon\u00a0\u00bb admin_label=\u00a0\u00bbSection banni\u00e8re image\u00a0\u00bb module_id=\u00a0\u00bbid_modele_header\u00a0\u00bb module_class=\u00a0\u00bbclasse_modele_header\u00a0\u00bb _builder_version=\u00a0\u00bb4.9.10&Prime; _module_preset=\u00a0\u00bbdefault\u00a0\u00bb background_color=\u00a0\u00bbrgba(12,12,12,0.3)\u00a0\u00bb background_blend=\u00a0\u00bbsoft-light\u00a0\u00bb min_height=\u00a0\u00bb300px\u00a0\u00bb custom_margin=\u00a0\u00bb-27px||||false|false\u00a0\u00bb hover_enabled=\u00a0\u00bb0&Prime; title_text=\u00a0\u00bbBanni\u00e8re Technique\u00a0\u00bb background_image=\u00a0\u00bbhttps:\/\/epdaduglandier.fr\/wp-content\/uploads\/2021\/08\/Banniere-Technique-.jpg\u00a0\u00bb sticky_enabled=\u00a0\u00bb0&Prime; box_shadow_style=\u00a0\u00bbpreset2&Prime; filter_saturate=\u00a0\u00bb119%\u00a0\u00bb filter_brightness=\u00a0\u00bb102%\u00a0\u00bb][et_pb_fullwidth_header title=\u00a0\u00bbService Technique\u00a0\u00bb background_overlay_color=\u00a0\u00bbRGBA(0,0,0,0)\u00a0\u00bb admin_label=\u00a0\u00bbTitre\u00a0\u00bb _builder_version=\u00a0\u00bb4.9.10&Prime; _module_preset=\u00a0\u00bbdefault\u00a0\u00bb title_font=\u00a0\u00bb|700|||||||\u00a0\u00bb title_text_align=\u00a0\u00bbleft\u00a0\u00bb title_text_color=\u00a0\u00bb#FFFFFF\u00a0\u00bb title_font_size=\u00a0\u00bb35px\u00a0\u00bb title_line_height=\u00a0\u00bb4.7em\u00a0\u00bb background_color=\u00a0\u00bbRGBA(0,0,0,0)\u00a0\u00bb background_enable_image=\u00a0\u00bboff\u00a0\u00bb hover_enabled=\u00a0\u00bb0&Prime; title_text_shadow_style=\u00a0\u00bbpreset3&Prime; title_text_shadow_color=\u00a0\u00bbRGBA(0,0,0,0)\u00a0\u00bb sticky_enabled=\u00a0\u00bb0&Prime;][\/et_pb_fullwidth_header][\/et_pb_section][et_pb_section fb_built=\u00a0\u00bb1&Prime; admin_label=\u00a0\u00bbSection Fil d&rsquo;ariane\u00a0\u00bb _builder_version=\u00a0\u00bb4.9.4&Prime; _module_preset=\u00a0\u00bbdefault\u00a0\u00bb][et_pb_row _builder_version=\u00a0\u00bb4.9.4&Prime; _module_preset=\u00a0\u00bbdefault\u00a0\u00bb][et_pb_column type=\u00a0\u00bb4_4&Prime; _builder_version=\u00a0\u00bb4.9.4&Prime; _module_preset=\u00a0\u00bbdefault\u00a0\u00bb][et_pb_code admin_label=\u00a0\u00bbFil d&rsquo;ariane\u00a0\u00bb _builder_version=\u00a0\u00bb4.9.4&Prime; _module_preset=\u00a0\u00bbdefault\u00a0\u00bb custom_margin=\u00a0\u00bb|||-15px|false|false\u00a0\u00bb]\t\t\t<!-- Flexy Breadcrumb -->\r\n\t\t\t<div class=\"fbc fbc-page\">\r\n\r\n\t\t\t\t<!-- Breadcrumb wrapper -->\r\n\t\t\t\t<div class=\"fbc-wrap\">\r\n\r\n\t\t\t\t\t<!-- Ordered list-->\r\n\t\t\t\t\t<ol class=\"fbc-items\" itemscope itemtype=\"https:\/\/schema.org\/BreadcrumbList\">\r\n\t\t\t\t\t\t            <li itemprop=\"itemListElement\" itemscope itemtype=\"https:\/\/schema.org\/ListItem\">\r\n                <span itemprop=\"name\">\r\n                    <!-- Home Link -->\r\n                    <a itemprop=\"item\" href=\"https:\/\/epdaduglandier.fr\">\r\n                    \r\n                                                    <i class=\"fa fa-home\" aria-hidden=\"true\"><\/i>Accueil                    <\/a>\r\n                <\/span>\r\n                <meta itemprop=\"position\" content=\"1\" \/><!-- Meta Position-->\r\n             <\/li><li><span class=\"fbc-separator\">><\/span><\/li><li class=\"active\" itemprop=\"itemListElement\" itemscope itemtype=\"https:\/\/schema.org\/ListItem\"><span itemprop=\"name\" title=\"Service Technique\">Service Technique<\/span><meta itemprop=\"position\" content=\"2\" \/><\/li>\t\t\t\t\t<\/ol>\r\n\t\t\t\t\t<div class=\"clearfix\"><\/div>\r\n\t\t\t\t<\/div>\r\n\t\t\t<\/div>\r\n\t\t\t[\/et_pb_code][\/et_pb_column][\/et_pb_row][\/et_pb_section][et_pb_section fb_built=\u00a0\u00bb1&Prime; admin_label=\u00a0\u00bbSection Paragraphe\u00a0\u00bb _builder_version=\u00a0\u00bb4.9.4&Prime; _module_preset=\u00a0\u00bbdefault\u00a0\u00bb min_height=\u00a0\u00bb95px\u00a0\u00bb custom_padding=\u00a0\u00bb2px||1px|||\u00a0\u00bb][et_pb_row _builder_version=\u00a0\u00bb4.9.4&Prime; _module_preset=\u00a0\u00bbdefault\u00a0\u00bb width=\u00a0\u00bb100%\u00a0\u00bb min_height=\u00a0\u00bb49px\u00a0\u00bb custom_margin=\u00a0\u00bb|auto||auto|false|false\u00a0\u00bb custom_padding=\u00a0\u00bb|0px||0px|false|false\u00a0\u00bb][et_pb_column type=\u00a0\u00bb4_4&Prime; _builder_version=\u00a0\u00bb4.9.4&Prime; _module_preset=\u00a0\u00bbdefault\u00a0\u00bb custom_padding=\u00a0\u00bb|0px||0px|false|false\u00a0\u00bb][et_pb_text admin_label=\u00a0\u00bbTitre\u00a0\u00bb _builder_version=\u00a0\u00bb4.9.4&Prime; _module_preset=\u00a0\u00bbdefault\u00a0\u00bb header_font=\u00a0\u00bb|600||on|||||\u00a0\u00bb header_text_color=\u00a0\u00bb#206ab6&Prime; module_alignment=\u00a0\u00bbleft\u00a0\u00bb custom_margin=\u00a0\u00bb|0px|-17px||false|false\u00a0\u00bb custom_padding=\u00a0\u00bb|0px|||false|false\u00a0\u00bb]<\/p>\n<h1>pr\u00e9sentation<\/h1>\n<p>[\/et_pb_text][et_pb_divider color=\u00a0\u00bb#206ab6&Prime; divider_position=\u00a0\u00bbbottom\u00a0\u00bb divider_weight=\u00a0\u00bb5px\u00a0\u00bb _builder_version=\u00a0\u00bb4.9.4&Prime; _module_preset=\u00a0\u00bbdefault\u00a0\u00bb custom_margin=\u00a0\u00bb|||0px|false|false\u00a0\u00bb custom_padding=\u00a0\u00bb|||0px|false|false\u00a0\u00bb][\/et_pb_divider][\/et_pb_column][\/et_pb_row][et_pb_row _builder_version=\u00a0\u00bb4.9.4&Prime; _module_preset=\u00a0\u00bbdefault\u00a0\u00bb width=\u00a0\u00bb100%\u00a0\u00bb custom_padding=\u00a0\u00bb2px|||||\u00a0\u00bb][et_pb_column type=\u00a0\u00bb4_4&Prime; _builder_version=\u00a0\u00bb4.9.4&Prime; _module_preset=\u00a0\u00bbdefault\u00a0\u00bb][et_pb_text _builder_version=\u00a0\u00bb4.9.7&Prime; _module_preset=\u00a0\u00bbdefault\u00a0\u00bb text_text_color=\u00a0\u00bb#474747&Prime; text_font_size=\u00a0\u00bb19px\u00a0\u00bb text_line_height=\u00a0\u00bb1.9em\u00a0\u00bb text_orientation=\u00a0\u00bbjustified\u00a0\u00bb]<\/p>\n<p>Le service technique est une \u00e9quipe pluridisciplinaire qui intervient sur l\u2019ensemble des sites d\u00e9centralis\u00e9s du Glandier et sur certains \u00e9tablissements membres du GCSMS.<\/p>\n<p>Cette \u00e9quipe compos\u00e9e de professionnels polyvalents et form\u00e9s assure des fonctions diversifi\u00e9es qui n\u00e9cessitent un haut degr\u00e9 d\u2019expertise.<\/p>\n<p>Ils interviennent sur tous les sites selon un roulement pr\u00e9d\u00e9fini et assure l\u2019entretien et la maintenance technique 365 jours par an et 24h \/ 24 gr\u00e2ce \u00e0 un planning d\u2019astreinte g\u00e9r\u00e9 par le cadre r\u00e9f\u00e9rent.<\/p>\n<p>[\/et_pb_text][\/et_pb_column][\/et_pb_row][et_pb_row _builder_version=\u00a0\u00bb4.9.4&Prime; _module_preset=\u00a0\u00bbdefault\u00a0\u00bb][et_pb_column type=\u00a0\u00bb4_4&Prime; _builder_version=\u00a0\u00bb4.9.4&Prime; _module_preset=\u00a0\u00bbdefault\u00a0\u00bb][et_pb_divider show_divider=\u00a0\u00bboff\u00a0\u00bb _builder_version=\u00a0\u00bb4.9.4&Prime; _module_preset=\u00a0\u00bbdefault\u00a0\u00bb][\/et_pb_divider][\/et_pb_column][\/et_pb_row][\/et_pb_section][et_pb_section fb_built=\u00a0\u00bb1&Prime; admin_label=\u00a0\u00bbSection Paragraphe\u00a0\u00bb _builder_version=\u00a0\u00bb4.9.4&Prime; _module_preset=\u00a0\u00bbdefault\u00a0\u00bb min_height=\u00a0\u00bb95px\u00a0\u00bb custom_padding=\u00a0\u00bb2px||1px|||\u00a0\u00bb][et_pb_row _builder_version=\u00a0\u00bb4.9.4&Prime; _module_preset=\u00a0\u00bbdefault\u00a0\u00bb width=\u00a0\u00bb100%\u00a0\u00bb min_height=\u00a0\u00bb49px\u00a0\u00bb custom_margin=\u00a0\u00bb|auto||auto|false|false\u00a0\u00bb custom_padding=\u00a0\u00bb|0px||0px|false|false\u00a0\u00bb][et_pb_column type=\u00a0\u00bb4_4&Prime; _builder_version=\u00a0\u00bb4.9.4&Prime; _module_preset=\u00a0\u00bbdefault\u00a0\u00bb custom_padding=\u00a0\u00bb|0px||0px|false|false\u00a0\u00bb][et_pb_text admin_label=\u00a0\u00bbTitre\u00a0\u00bb _builder_version=\u00a0\u00bb4.9.4&Prime; _module_preset=\u00a0\u00bbdefault\u00a0\u00bb header_font=\u00a0\u00bb|600||on|||||\u00a0\u00bb header_text_color=\u00a0\u00bb#206ab6&Prime; module_alignment=\u00a0\u00bbleft\u00a0\u00bb custom_margin=\u00a0\u00bb|0px|-17px||false|false\u00a0\u00bb custom_padding=\u00a0\u00bb|0px|||false|false\u00a0\u00bb]<\/p>\n<h1>Champs d&rsquo;intervention<\/h1>\n<p>[\/et_pb_text][et_pb_divider color=\u00a0\u00bb#206ab6&Prime; divider_position=\u00a0\u00bbbottom\u00a0\u00bb divider_weight=\u00a0\u00bb5px\u00a0\u00bb _builder_version=\u00a0\u00bb4.9.4&Prime; _module_preset=\u00a0\u00bbdefault\u00a0\u00bb custom_margin=\u00a0\u00bb|||0px|false|false\u00a0\u00bb custom_padding=\u00a0\u00bb|||0px|false|false\u00a0\u00bb][\/et_pb_divider][\/et_pb_column][\/et_pb_row][et_pb_row _builder_version=\u00a0\u00bb4.9.4&Prime; _module_preset=\u00a0\u00bbdefault\u00a0\u00bb width=\u00a0\u00bb100%\u00a0\u00bb custom_padding=\u00a0\u00bb2px|||||\u00a0\u00bb][et_pb_column type=\u00a0\u00bb4_4&Prime; _builder_version=\u00a0\u00bb4.9.4&Prime; _module_preset=\u00a0\u00bbdefault\u00a0\u00bb][et_pb_text _builder_version=\u00a0\u00bb4.9.7&Prime; _module_preset=\u00a0\u00bbdefault\u00a0\u00bb text_text_color=\u00a0\u00bb#474747&Prime; text_font_size=\u00a0\u00bb19px\u00a0\u00bb text_line_height=\u00a0\u00bb1.9em\u00a0\u00bb]<\/p>\n<p>Leurs fonctions sont vari\u00e9es et complexes et n\u00e9cessitent un tr\u00e8s bon niveau de comp\u00e9tence dans les domaines suivants\u00a0:<\/p>\n<p>\u25baPr\u00e9venir <strong><u>le risque sanitaire<\/u><\/strong> en lien avec la Cellule Qualit\u00e9 \/ Gestion des risques sur la qualit\u00e9 de l\u2019eau, de l\u2019air, et le traitement des d\u00e9chets.<\/p>\n<p>\u25baAssurer <strong><u>la maintenance technique<\/u><\/strong> des diff\u00e9rents sites :<\/p>\n<ul>\n<li style=\"list-style-type: none;\">\n<ul>\n<li>Electricit\u00e9, eau, chaufferie gaz et Biomasse, service cuisine\/ Suivi et entretien<\/li>\n<li>Assurer la s\u00e9curit\u00e9 des sites (Incendie, Vigipirate, S\u00e9curit\u00e9 g\u00e9n\u00e9rale)<\/li>\n<li>Suivi des bons d\u2019interventions au quotidien suite aux diff\u00e9rentes demandes des services<\/li>\n<li>Mises \u00e0 disposition au sein du GCSMS (maintenance et astreinte technique)<\/li>\n<li>Astreinte technique 24h\/24 et 7j\/7<\/li>\n<\/ul>\n<\/li>\n<\/ul>\n<p>\u25baAssurer <strong><u>la logistique et les<\/u><\/strong><strong><u> transports<\/u><\/strong>\u00a0:<\/p>\n<ul>\n<li style=\"list-style-type: none;\">\n<ul>\n<li>Transport des travailleurs du Service d&rsquo;Aide par le Travail, livraisons sur les sites, navettes courriers inter-sites<\/li>\n<li>Gestion et entretien du parc automobile et mat\u00e9riels espace vert (garage \/ Suivi du parc)<\/li>\n<\/ul>\n<\/li>\n<\/ul>\n<p>\u25baAssurer <strong><u>l\u2019entretien des espaces verts<\/u><\/strong>\u00a0:<\/p>\n<ul>\n<li style=\"list-style-type: none;\">\n<ul>\n<li>Tontes, tailles de haies, entretien des parcs<\/li>\n<li>Am\u00e9nagement des ext\u00e9rieurs<\/li>\n<\/ul>\n<\/li>\n<\/ul>\n<p>\u25baAssurer <strong><u>des fonctions polyvalentes<\/u><\/strong>\u00a0:<\/p>\n<ul>\n<li style=\"list-style-type: none;\">\n<ul>\n<li>Travaux de peinture dans les diff\u00e9rents sites<\/li>\n<li>D\u00e9m\u00e9nagements de r\u00e9sidents dans le cadre de mobilit\u00e9s inter-sites<\/li>\n<li>Am\u00e9nagements int\u00e9rieurs<\/li>\n<li>Support logistique lors de manifestations et festivit\u00e9s<\/li>\n<li>Formations s\u00e9curit\u00e9 incendie en interne et externe (agents SSIAP 2 et formateur incendie)<\/li>\n<\/ul>\n<\/li>\n<\/ul>\n<p>[\/et_pb_text][\/et_pb_column][\/et_pb_row][et_pb_row _builder_version=\u00a0\u00bb4.9.4&Prime; _module_preset=\u00a0\u00bbdefault\u00a0\u00bb][et_pb_column type=\u00a0\u00bb4_4&Prime; _builder_version=\u00a0\u00bb4.9.4&Prime; _module_preset=\u00a0\u00bbdefault\u00a0\u00bb][et_pb_divider show_divider=\u00a0\u00bboff\u00a0\u00bb _builder_version=\u00a0\u00bb4.9.4&Prime; _module_preset=\u00a0\u00bbdefault\u00a0\u00bb][\/et_pb_divider][\/et_pb_column][\/et_pb_row][\/et_pb_section][et_pb_section fb_built=\u00a0\u00bb1&Prime; admin_label=\u00a0\u00bbSection Paragraphe\u00a0\u00bb _builder_version=\u00a0\u00bb4.9.4&Prime; _module_preset=\u00a0\u00bbdefault\u00a0\u00bb min_height=\u00a0\u00bb95px\u00a0\u00bb custom_padding=\u00a0\u00bb2px||1px|||\u00a0\u00bb][et_pb_row _builder_version=\u00a0\u00bb4.9.4&Prime; _module_preset=\u00a0\u00bbdefault\u00a0\u00bb width=\u00a0\u00bb100%\u00a0\u00bb min_height=\u00a0\u00bb49px\u00a0\u00bb custom_margin=\u00a0\u00bb|auto||auto|false|false\u00a0\u00bb custom_padding=\u00a0\u00bb|0px||0px|false|false\u00a0\u00bb][et_pb_column type=\u00a0\u00bb4_4&Prime; _builder_version=\u00a0\u00bb4.9.4&Prime; _module_preset=\u00a0\u00bbdefault\u00a0\u00bb custom_padding=\u00a0\u00bb|0px||0px|false|false\u00a0\u00bb][et_pb_text admin_label=\u00a0\u00bbTitre\u00a0\u00bb _builder_version=\u00a0\u00bb4.9.4&Prime; _module_preset=\u00a0\u00bbdefault\u00a0\u00bb header_font=\u00a0\u00bb|600||on|||||\u00a0\u00bb header_text_color=\u00a0\u00bb#206ab6&Prime; module_alignment=\u00a0\u00bbleft\u00a0\u00bb custom_margin=\u00a0\u00bb|0px|-17px||false|false\u00a0\u00bb custom_padding=\u00a0\u00bb|0px|||false|false\u00a0\u00bb]<\/p>\n<h1>Equipe professionnelle<\/h1>\n<p>[\/et_pb_text][et_pb_divider color=\u00a0\u00bb#206ab6&Prime; divider_position=\u00a0\u00bbbottom\u00a0\u00bb divider_weight=\u00a0\u00bb5px\u00a0\u00bb _builder_version=\u00a0\u00bb4.9.4&Prime; _module_preset=\u00a0\u00bbdefault\u00a0\u00bb custom_margin=\u00a0\u00bb|||0px|false|false\u00a0\u00bb custom_padding=\u00a0\u00bb|||0px|false|false\u00a0\u00bb][\/et_pb_divider][\/et_pb_column][\/et_pb_row][et_pb_row _builder_version=\u00a0\u00bb4.9.4&Prime; _module_preset=\u00a0\u00bbdefault\u00a0\u00bb width=\u00a0\u00bb100%\u00a0\u00bb custom_padding=\u00a0\u00bb2px|||||\u00a0\u00bb][et_pb_column type=\u00a0\u00bb4_4&Prime; _builder_version=\u00a0\u00bb4.9.4&Prime; _module_preset=\u00a0\u00bbdefault\u00a0\u00bb][et_pb_text _builder_version=\u00a0\u00bb4.9.7&Prime; _module_preset=\u00a0\u00bbdefault\u00a0\u00bb text_text_color=\u00a0\u00bb#474747&Prime; text_font_size=\u00a0\u00bb19px\u00a0\u00bb text_line_height=\u00a0\u00bb2.1em\u00a0\u00bb]<\/p>\n<p>Le service technique de l\u2019EPDA est compos\u00e9 : <\/p>\n<ul>\n<li>D\u2019un cadre r\u00e9f\u00e9rent<\/li>\n<li>Deux \u00e9lectriciens<\/li>\n<li>Deux plombiers chauffagistes<\/li>\n<li>D\u2019un peintre<\/li>\n<li>Deux agents sp\u00e9cialis\u00e9s en logistique (un agent m\u00e9canicien automobile et un agent transport logistique)<\/li>\n<li>Trois agents polyvalents en entretien des b\u00e2timents<\/li>\n<li>1 agent en espace vert<\/li>\n<\/ul>\n<p>[\/et_pb_text][\/et_pb_column][\/et_pb_row][et_pb_row _builder_version=\u00a0\u00bb4.9.4&Prime; _module_preset=\u00a0\u00bbdefault\u00a0\u00bb][et_pb_column type=\u00a0\u00bb4_4&Prime; _builder_version=\u00a0\u00bb4.9.4&Prime; _module_preset=\u00a0\u00bbdefault\u00a0\u00bb][et_pb_divider show_divider=\u00a0\u00bboff\u00a0\u00bb _builder_version=\u00a0\u00bb4.9.4&Prime; _module_preset=\u00a0\u00bbdefault\u00a0\u00bb][\/et_pb_divider][\/et_pb_column][\/et_pb_row][\/et_pb_section]<\/p>\n","protected":false},"excerpt":{"rendered":"<p>\t\t\t<!-- Flexy Breadcrumb -->\r\n\t\t\t<div class=\"fbc fbc-page\">\r\n\r\n\t\t\t\t<!-- Breadcrumb wrapper -->\r\n\t\t\t\t<div class=\"fbc-wrap\">\r\n\r\n\t\t\t\t\t<!-- Ordered list-->\r\n\t\t\t\t\t<ol class=\"fbc-items\" itemscope itemtype=\"https:\/\/schema.org\/BreadcrumbList\">\r\n\t\t\t\t\t\t            <li itemprop=\"itemListElement\" itemscope itemtype=\"https:\/\/schema.org\/ListItem\">\r\n                <span itemprop=\"name\">\r\n                    <!-- Home Link -->\r\n                    <a itemprop=\"item\" href=\"https:\/\/epdaduglandier.fr\">\r\n                    \r\n                                                    <i class=\"fa fa-home\" aria-hidden=\"true\"><\/i>Accueil                    <\/a>\r\n                <\/span>\r\n                <meta itemprop=\"position\" content=\"1\" \/><!-- Meta Position-->\r\n             <\/li><li><span class=\"fbc-separator\">><\/span><\/li><li class=\"active\" itemprop=\"itemListElement\" itemscope itemtype=\"https:\/\/schema.org\/ListItem\"><span itemprop=\"name\" title=\"Service Technique\">Service Technique<\/span><meta itemprop=\"position\" content=\"2\" \/><\/li>\t\t\t\t\t<\/ol>\r\n\t\t\t\t\t<div class=\"clearfix\"><\/div>\r\n\t\t\t\t<\/div>\r\n\t\t\t<\/div>\r\n\t\t\tpr\u00e9sentationLe service technique est une \u00e9quipe pluridisciplinaire qui intervient sur l\u2019ensemble des sites d\u00e9centralis\u00e9s du Glandier et sur certains \u00e9tablissements membres du GCSMS. Cette \u00e9quipe compos\u00e9e de professionnels polyvalents et form\u00e9s assure des fonctions diversifi\u00e9es qui n\u00e9cessitent un haut degr\u00e9 d\u2019expertise. Ils interviennent sur tous les sites selon un roulement pr\u00e9d\u00e9fini et assure l\u2019entretien et [&hellip;]<\/p>\n","protected":false},"author":3,"featured_media":0,"parent":94,"menu_order":0,"comment_status":"closed","ping_status":"closed","template":"","meta":{"_et_pb_use_builder":"on","_et_pb_old_content":"","_et_gb_content_width":"","footnotes":""},"class_list":["post-898","page","type-page","status-publish","hentry"],"yoast_head":"<!-- This site is optimized with the Yoast SEO plugin v27.5 - https:\/\/yoast.com\/product\/yoast-seo-wordpress\/ -->\n<title>Service Technique - EPDA du Glandier<\/title>\n<meta name=\"robots\" content=\"index, follow, max-snippet:-1, max-image-preview:large, max-video-preview:-1\" \/>\n<link rel=\"canonical\" href=\"https:\/\/epdaduglandier.fr\/?page_id=898\" \/>\n<meta property=\"og:locale\" content=\"fr_FR\" \/>\n<meta property=\"og:type\" content=\"article\" \/>\n<meta property=\"og:title\" content=\"Service Technique - EPDA du Glandier\" \/>\n<meta property=\"og:description\" content=\"pr\u00e9sentationLe service technique est une \u00e9quipe pluridisciplinaire qui intervient sur l\u2019ensemble des sites d\u00e9centralis\u00e9s du Glandier et sur certains \u00e9tablissements membres du GCSMS. Cette \u00e9quipe compos\u00e9e de professionnels polyvalents et form\u00e9s assure des fonctions diversifi\u00e9es qui n\u00e9cessitent un haut degr\u00e9 d\u2019expertise. Ils interviennent sur tous les sites selon un roulement pr\u00e9d\u00e9fini et assure l\u2019entretien et [&hellip;]\" \/>\n<meta property=\"og:url\" content=\"https:\/\/epdaduglandier.fr\/?page_id=898\" \/>\n<meta property=\"og:site_name\" content=\"EPDA du Glandier\" \/>\n<meta property=\"article:modified_time\" content=\"2021-08-03T07:39:22+00:00\" \/>\n<meta name=\"twitter:card\" content=\"summary_large_image\" \/>\n<meta name=\"twitter:label1\" content=\"Dur\u00e9e de lecture estim\u00e9e\" \/>\n\t<meta name=\"twitter:data1\" content=\"1 minute\" \/>\n<script type=\"application\/ld+json\" class=\"yoast-schema-graph\">{\"@context\":\"https:\\\/\\\/schema.org\",\"@graph\":[{\"@type\":\"WebPage\",\"@id\":\"https:\\\/\\\/epdaduglandier.fr\\\/?page_id=898\",\"url\":\"https:\\\/\\\/epdaduglandier.fr\\\/?page_id=898\",\"name\":\"Service Technique - EPDA du Glandier\",\"isPartOf\":{\"@id\":\"https:\\\/\\\/epdaduglandier.fr\\\/#website\"},\"datePublished\":\"2021-05-27T16:30:30+00:00\",\"dateModified\":\"2021-08-03T07:39:22+00:00\",\"breadcrumb\":{\"@id\":\"https:\\\/\\\/epdaduglandier.fr\\\/?page_id=898#breadcrumb\"},\"inLanguage\":\"fr-FR\",\"potentialAction\":[{\"@type\":\"ReadAction\",\"target\":[\"https:\\\/\\\/epdaduglandier.fr\\\/?page_id=898\"]}]},{\"@type\":\"BreadcrumbList\",\"@id\":\"https:\\\/\\\/epdaduglandier.fr\\\/?page_id=898#breadcrumb\",\"itemListElement\":[{\"@type\":\"ListItem\",\"position\":1,\"name\":\"Accueil\",\"item\":\"https:\\\/\\\/epdaduglandier.fr\\\/\"},{\"@type\":\"ListItem\",\"position\":2,\"name\":\"Nos services support\",\"item\":\"https:\\\/\\\/epdaduglandier.fr\\\/?page_id=94\"},{\"@type\":\"ListItem\",\"position\":3,\"name\":\"Service Technique\"}]},{\"@type\":\"WebSite\",\"@id\":\"https:\\\/\\\/epdaduglandier.fr\\\/#website\",\"url\":\"https:\\\/\\\/epdaduglandier.fr\\\/\",\"name\":\"EPDA du Glandier\",\"description\":\"Etablissement Public D\u00e9partemental Autonome du Glandier\",\"potentialAction\":[{\"@type\":\"SearchAction\",\"target\":{\"@type\":\"EntryPoint\",\"urlTemplate\":\"https:\\\/\\\/epdaduglandier.fr\\\/?s={search_term_string}\"},\"query-input\":{\"@type\":\"PropertyValueSpecification\",\"valueRequired\":true,\"valueName\":\"search_term_string\"}}],\"inLanguage\":\"fr-FR\"}]}<\/script>\n<!-- \/ Yoast SEO plugin. -->","yoast_head_json":{"title":"Service Technique - EPDA du Glandier","robots":{"index":"index","follow":"follow","max-snippet":"max-snippet:-1","max-image-preview":"max-image-preview:large","max-video-preview":"max-video-preview:-1"},"canonical":"https:\/\/epdaduglandier.fr\/?page_id=898","og_locale":"fr_FR","og_type":"article","og_title":"Service Technique - EPDA du Glandier","og_description":"pr\u00e9sentationLe service technique est une \u00e9quipe pluridisciplinaire qui intervient sur l\u2019ensemble des sites d\u00e9centralis\u00e9s du Glandier et sur certains \u00e9tablissements membres du GCSMS. Cette \u00e9quipe compos\u00e9e de professionnels polyvalents et form\u00e9s assure des fonctions diversifi\u00e9es qui n\u00e9cessitent un haut degr\u00e9 d\u2019expertise. Ils interviennent sur tous les sites selon un roulement pr\u00e9d\u00e9fini et assure l\u2019entretien et [&hellip;]","og_url":"https:\/\/epdaduglandier.fr\/?page_id=898","og_site_name":"EPDA du Glandier","article_modified_time":"2021-08-03T07:39:22+00:00","twitter_card":"summary_large_image","twitter_misc":{"Dur\u00e9e de lecture estim\u00e9e":"1 minute"},"schema":{"@context":"https:\/\/schema.org","@graph":[{"@type":"WebPage","@id":"https:\/\/epdaduglandier.fr\/?page_id=898","url":"https:\/\/epdaduglandier.fr\/?page_id=898","name":"Service Technique - EPDA du Glandier","isPartOf":{"@id":"https:\/\/epdaduglandier.fr\/#website"},"datePublished":"2021-05-27T16:30:30+00:00","dateModified":"2021-08-03T07:39:22+00:00","breadcrumb":{"@id":"https:\/\/epdaduglandier.fr\/?page_id=898#breadcrumb"},"inLanguage":"fr-FR","potentialAction":[{"@type":"ReadAction","target":["https:\/\/epdaduglandier.fr\/?page_id=898"]}]},{"@type":"BreadcrumbList","@id":"https:\/\/epdaduglandier.fr\/?page_id=898#breadcrumb","itemListElement":[{"@type":"ListItem","position":1,"name":"Accueil","item":"https:\/\/epdaduglandier.fr\/"},{"@type":"ListItem","position":2,"name":"Nos services support","item":"https:\/\/epdaduglandier.fr\/?page_id=94"},{"@type":"ListItem","position":3,"name":"Service Technique"}]},{"@type":"WebSite","@id":"https:\/\/epdaduglandier.fr\/#website","url":"https:\/\/epdaduglandier.fr\/","name":"EPDA du Glandier","description":"Etablissement Public D\u00e9partemental Autonome du Glandier","potentialAction":[{"@type":"SearchAction","target":{"@type":"EntryPoint","urlTemplate":"https:\/\/epdaduglandier.fr\/?s={search_term_string}"},"query-input":{"@type":"PropertyValueSpecification","valueRequired":true,"valueName":"search_term_string"}}],"inLanguage":"fr-FR"}]}},"publishpress_future_action":{"enabled":false,"date":"2026-05-12 13:56:14","action":"change-status","newStatus":"draft","terms":[],"taxonomy":"","extraData":[]},"publishpress_future_workflow_manual_trigger":{"enabledWorkflows":[]},"_links":{"self":[{"href":"https:\/\/epdaduglandier.fr\/index.php?rest_route=\/wp\/v2\/pages\/898","targetHints":{"allow":["GET"]}}],"collection":[{"href":"https:\/\/epdaduglandier.fr\/index.php?rest_route=\/wp\/v2\/pages"}],"about":[{"href":"https:\/\/epdaduglandier.fr\/index.php?rest_route=\/wp\/v2\/types\/page"}],"author":[{"embeddable":true,"href":"https:\/\/epdaduglandier.fr\/index.php?rest_route=\/wp\/v2\/users\/3"}],"replies":[{"embeddable":true,"href":"https:\/\/epdaduglandier.fr\/index.php?rest_route=%2Fwp%2Fv2%2Fcomments&post=898"}],"version-history":[{"count":16,"href":"https:\/\/epdaduglandier.fr\/index.php?rest_route=\/wp\/v2\/pages\/898\/revisions"}],"predecessor-version":[{"id":2181,"href":"https:\/\/epdaduglandier.fr\/index.php?rest_route=\/wp\/v2\/pages\/898\/revisions\/2181"}],"up":[{"embeddable":true,"href":"https:\/\/epdaduglandier.fr\/index.php?rest_route=\/wp\/v2\/pages\/94"}],"wp:attachment":[{"href":"https:\/\/epdaduglandier.fr\/index.php?rest_route=%2Fwp%2Fv2%2Fmedia&parent=898"}],"curies":[{"name":"wp","href":"https:\/\/api.w.org\/{rel}","templated":true}]}}